{"id":68,"date":"2024-03-06T19:44:28","date_gmt":"2024-03-06T18:44:28","guid":{"rendered":"http:\/\/cecileacquaviva.fr\/?page_id=68"},"modified":"2024-11-10T10:56:23","modified_gmt":"2024-11-10T09:56:23","slug":"tout-blanc-1-3-ans","status":"publish","type":"page","link":"https:\/\/cecileacquaviva.fr\/index.php\/tout-blanc-1-3-ans\/","title":{"rendered":"Tout Blanc"},"content":{"rendered":"\t\t<div data-elementor-type=\"wp-page\" data-elementor-id=\"68\" class=\"elementor elementor-68\">\n\t\t\t\t<div class=\"elementor-element elementor-element-500a706e e-flex e-con-boxed e-con e-parent\" data-id=\"500a706e\" data-element_type=\"container\" data-settings=\"{&quot;content_width&quot;:&quot;boxed&quot;}\" data-core-v316-plus=\"true\">\n\t\t\t\t\t<div class=\"e-con-inner\">\n\t\t\t\t<div class=\"elementor-element elementor-element-67b05354 elementor-widget elementor-widget-heading\" data-id=\"67b05354\" data-element_type=\"widget\" data-widget_type=\"heading.default\">\n\t\t\t\t<div class=\"elementor-widget-container\">\n\t\t\t<style>\/*! elementor - v3.19.0 - 28-02-2024 *\/\n.elementor-heading-title{padding:0;margin:0;line-height:1}.elementor-widget-heading .elementor-heading-title[class*=elementor-size-]>a{color:inherit;font-size:inherit;line-height:inherit}.elementor-widget-heading .elementor-heading-title.elementor-size-small{font-size:15px}.elementor-widget-heading .elementor-heading-title.elementor-size-medium{font-size:19px}.elementor-widget-heading .elementor-heading-title.elementor-size-large{font-size:29px}.elementor-widget-heading .elementor-heading-title.elementor-size-xl{font-size:39px}.elementor-widget-heading .elementor-heading-title.elementor-size-xxl{font-size:59px}<\/style><h1 class=\"elementor-heading-title elementor-size-default\">Tout blanc<\/h1>\t\t<\/div>\n\t\t\t\t<\/div>\n\t\t\t\t\t<\/div>\n\t\t\t\t<\/div>\n\t\t<div class=\"elementor-element elementor-element-2e6ed6b1 e-con-full e-flex e-con e-parent\" data-id=\"2e6ed6b1\" data-element_type=\"container\" data-settings=\"{&quot;content_width&quot;:&quot;full&quot;}\" data-core-v316-plus=\"true\">\n\t\t\t\t<div class=\"elementor-element elementor-element-313a95c4 elementor-widget__width-initial elementor-widget elementor-widget-image\" data-id=\"313a95c4\" data-element_type=\"widget\" data-widget_type=\"image.default\">\n\t\t\t\t<div class=\"elementor-widget-container\">\n\t\t\t<style>\/*! elementor - v3.19.0 - 28-02-2024 *\/\n.elementor-widget-image{text-align:center}.elementor-widget-image a{display:inline-block}.elementor-widget-image a img[src$=\".svg\"]{width:48px}.elementor-widget-image img{vertical-align:middle;display:inline-block}<\/style>\t\t\t\t\t\t\t\t\t\t<img fetchpriority=\"high\" decoding=\"async\" width=\"750\" height=\"500\" src=\"https:\/\/cecileacquaviva.fr\/wp-content\/uploads\/2024\/10\/TOUT-BLANC-format-reduit-768x512.jpg\" class=\"attachment-medium_large size-medium_large wp-image-633\" alt=\"\" srcset=\"https:\/\/cecileacquaviva.fr\/wp-content\/uploads\/2024\/10\/TOUT-BLANC-format-reduit-768x512.jpg 768w, https:\/\/cecileacquaviva.fr\/wp-content\/uploads\/2024\/10\/TOUT-BLANC-format-reduit-300x200.jpg 300w, https:\/\/cecileacquaviva.fr\/wp-content\/uploads\/2024\/10\/TOUT-BLANC-format-reduit-1024x682.jpg 1024w, https:\/\/cecileacquaviva.fr\/wp-content\/uploads\/2024\/10\/TOUT-BLANC-format-reduit.jpg 1280w\" sizes=\"(max-width: 750px) 100vw, 750px\" \/>\t\t\t\t\t\t\t\t\t\t\t\t\t<\/div>\n\t\t\t\t<\/div>\n\t\t\t\t<\/div>\n\t\t<div class=\"elementor-element elementor-element-5a173811 e-flex e-con-boxed e-con e-parent\" data-id=\"5a173811\" data-element_type=\"container\" data-settings=\"{&quot;content_width&quot;:&quot;boxed&quot;}\" data-core-v316-plus=\"true\">\n\t\t\t\t\t<div class=\"e-con-inner\">\n\t\t<div class=\"elementor-element elementor-element-2be25993 e-con-full e-flex e-con e-child\" data-id=\"2be25993\" data-element_type=\"container\" data-settings=\"{&quot;content_width&quot;:&quot;full&quot;}\">\n\t\t\t\t<div class=\"elementor-element elementor-element-72bfa531 elementor-widget__width-initial elementor-widget elementor-widget-text-editor\" data-id=\"72bfa531\" data-element_type=\"widget\" data-widget_type=\"text-editor.default\">\n\t\t\t\t<div class=\"elementor-widget-container\">\n\t\t\t<style>\/*! elementor - v3.19.0 - 28-02-2024 *\/\n.elementor-widget-text-editor.elementor-drop-cap-view-stacked .elementor-drop-cap{background-color:#69727d;color:#fff}.elementor-widget-text-editor.elementor-drop-cap-view-framed .elementor-drop-cap{color:#69727d;border:3px solid;background-color:transparent}.elementor-widget-text-editor:not(.elementor-drop-cap-view-default) .elementor-drop-cap{margin-top:8px}.elementor-widget-text-editor:not(.elementor-drop-cap-view-default) .elementor-drop-cap-letter{width:1em;height:1em}.elementor-widget-text-editor .elementor-drop-cap{float:left;text-align:center;line-height:1;font-size:50px}.elementor-widget-text-editor .elementor-drop-cap-letter{display:inline-block}<\/style>\t\t\t\t<p><strong>Dur\u00e9e :<\/strong> <br \/>25 min<\/p><p><strong>Age :<\/strong> <br \/>de 18 mois \u00e0 3 ans<\/p><p><strong>Cr\u00e9ation et interpr\u00e9tation :<\/strong> <br \/>C\u00e9cile ACQUAVIVA<\/p><p><strong>Regard ext\u00e9rieur :<\/strong> <br \/>Ludovic Souliman<\/p><p><strong>R\u00e9alisation d\u00e9cor <br \/>&amp; accessoires :<\/strong><br \/>Nina Robin, Romain Poirot et Manon Berg\u00e8se<\/p><p><strong>Spectacle autonome<br \/>techniquement<\/strong><\/p><p>En salle uniquement<\/p>\t\t\t\t\t\t<\/div>\n\t\t\t\t<\/div>\n\t\t\t\t<\/div>\n\t\t<div class=\"elementor-element elementor-element-e8e2151 e-con-full e-flex e-con e-child\" data-id=\"e8e2151\" data-element_type=\"container\" data-settings=\"{&quot;content_width&quot;:&quot;full&quot;}\">\n\t\t\t\t<div class=\"elementor-element elementor-element-150f1a09 elementor-widget elementor-widget-text-editor\" data-id=\"150f1a09\" data-element_type=\"widget\" data-widget_type=\"text-editor.default\">\n\t\t\t\t<div class=\"elementor-widget-container\">\n\t\t\t\t\t\t\t<p>L\u00e0 o\u00f9 tout est glace et neige, l&#8217;ours blanc est le roi ! <br \/><br \/>A travers les aventures de papa ours, maman ours, b\u00e9b\u00e9 ours et ses amis, les tous petits d\u00e9couvrent l&#8217;univers magique de la banquise et des animaux du froid.<\/p><p>A partir d\u2019un conte contemporain mis en images et sign\u00e9 en Langue Fran\u00e7aise des Signes B\u00e9b\u00e9, le voyage se tisse entre comptines, jeux de doigts, et sonorit\u00e9s des instruments de musique du monde.<\/p><p>Apr\u00e8s avoir d\u00e9couvert les animaux du froid et leurs aventures, l\u2019histoire de la vie se d\u00e9roule ; b\u00e9b\u00e9 ours devient petite ourse puis une jeune ours qui enfante \u00e0 son tour.<\/p><p>Des objets apparaissent du d\u00e9cor et prennent vie comme par magie pour enchanter les tous-petits dans ce voyage au pays des ours blancs.<\/p>\t\t\t\t\t\t<\/div>\n\t\t\t\t<\/div>\n\t\t\t\t<\/div>\n\t\t\t\t\t<\/div>\n\t\t\t\t<\/div>\n\t\t\t\t<\/div>\n\t\t","protected":false},"excerpt":{"rendered":"<p>Tout blanc Dur\u00e9e : 25 min Age : de 18 mois \u00e0 3 ans Cr\u00e9ation et interpr\u00e9tation : C\u00e9cile ACQUAVIVA Regard ext\u00e9rieur : Ludovic Souliman R\u00e9alisation d\u00e9cor &amp; accessoires :Nina Robin, Romain Poirot et Manon Berg\u00e8se Spectacle autonometechniquement En salle &hellip; <\/p>\n","protected":false},"author":1,"featured_media":0,"parent":0,"menu_order":0,"comment_status":"closed","ping_status":"closed","template":"","meta":{"_eb_attr":"","footnotes":""},"class_list":["post-68","page","type-page","status-publish","hentry"],"yoast_head":"<!-- This site is optimized with the Yoast SEO plugin v24.8.1 - https:\/\/yoast.com\/wordpress\/plugins\/seo\/ -->\n<title>Tout Blanc - C\u00e9cile ACQUAVIVA - Conteuse<\/title>\n<meta name=\"robots\" content=\"index, follow, max-snippet:-1, max-image-preview:large, max-video-preview:-1\" \/>\n<link rel=\"canonical\" href=\"https:\/\/cecileacquaviva.fr\/index.php\/tout-blanc-1-3-ans\/\" \/>\n<meta property=\"og:locale\" content=\"fr_FR\" \/>\n<meta property=\"og:type\" content=\"article\" \/>\n<meta property=\"og:title\" content=\"Tout Blanc - C\u00e9cile ACQUAVIVA - Conteuse\" \/>\n<meta property=\"og:description\" content=\"Tout blanc Dur\u00e9e : 25 min Age : de 18 mois \u00e0 3 ans Cr\u00e9ation et interpr\u00e9tation : C\u00e9cile ACQUAVIVA Regard ext\u00e9rieur : Ludovic Souliman R\u00e9alisation d\u00e9cor &amp; accessoires :Nina Robin, Romain Poirot et Manon Berg\u00e8se Spectacle autonometechniquement En salle &hellip;\" \/>\n<meta property=\"og:url\" content=\"https:\/\/cecileacquaviva.fr\/index.php\/tout-blanc-1-3-ans\/\" \/>\n<meta property=\"og:site_name\" content=\"C\u00e9cile ACQUAVIVA -- Conteuse\" \/>\n<meta property=\"article:modified_time\" content=\"2024-11-10T09:56:23+00:00\" \/>\n<meta property=\"og:image\" content=\"http:\/\/cecileacquaviva.fr\/wp-content\/uploads\/2024\/10\/TOUT-BLANC-format-reduit-768x512.jpg\" \/>\n<meta name=\"twitter:card\" content=\"summary_large_image\" \/>\n<meta name=\"twitter:label1\" content=\"Dur\u00e9e de lecture estim\u00e9e\" \/>\n\t<meta name=\"twitter:data1\" content=\"1 minute\" \/>\n<script type=\"application\/ld+json\" class=\"yoast-schema-graph\">{\"@context\":\"https:\/\/schema.org\",\"@graph\":[{\"@type\":\"WebPage\",\"@id\":\"https:\/\/cecileacquaviva.fr\/index.php\/tout-blanc-1-3-ans\/\",\"url\":\"https:\/\/cecileacquaviva.fr\/index.php\/tout-blanc-1-3-ans\/\",\"name\":\"Tout Blanc - C\u00e9cile ACQUAVIVA - Conteuse\",\"isPartOf\":{\"@id\":\"https:\/\/cecileacquaviva.fr\/#website\"},\"primaryImageOfPage\":{\"@id\":\"https:\/\/cecileacquaviva.fr\/index.php\/tout-blanc-1-3-ans\/#primaryimage\"},\"image\":{\"@id\":\"https:\/\/cecileacquaviva.fr\/index.php\/tout-blanc-1-3-ans\/#primaryimage\"},\"thumbnailUrl\":\"http:\/\/cecileacquaviva.fr\/wp-content\/uploads\/2024\/10\/TOUT-BLANC-format-reduit-768x512.jpg\",\"datePublished\":\"2024-03-06T18:44:28+00:00\",\"dateModified\":\"2024-11-10T09:56:23+00:00\",\"breadcrumb\":{\"@id\":\"https:\/\/cecileacquaviva.fr\/index.php\/tout-blanc-1-3-ans\/#breadcrumb\"},\"inLanguage\":\"fr-FR\",\"potentialAction\":[{\"@type\":\"ReadAction\",\"target\":[\"https:\/\/cecileacquaviva.fr\/index.php\/tout-blanc-1-3-ans\/\"]}]},{\"@type\":\"ImageObject\",\"inLanguage\":\"fr-FR\",\"@id\":\"https:\/\/cecileacquaviva.fr\/index.php\/tout-blanc-1-3-ans\/#primaryimage\",\"url\":\"http:\/\/cecileacquaviva.fr\/wp-content\/uploads\/2024\/10\/TOUT-BLANC-format-reduit-768x512.jpg\",\"contentUrl\":\"http:\/\/cecileacquaviva.fr\/wp-content\/uploads\/2024\/10\/TOUT-BLANC-format-reduit-768x512.jpg\"},{\"@type\":\"BreadcrumbList\",\"@id\":\"https:\/\/cecileacquaviva.fr\/index.php\/tout-blanc-1-3-ans\/#breadcrumb\",\"itemListElement\":[{\"@type\":\"ListItem\",\"position\":1,\"name\":\"Accueil\",\"item\":\"https:\/\/cecileacquaviva.fr\/\"},{\"@type\":\"ListItem\",\"position\":2,\"name\":\"Tout Blanc\"}]},{\"@type\":\"WebSite\",\"@id\":\"https:\/\/cecileacquaviva.fr\/#website\",\"url\":\"https:\/\/cecileacquaviva.fr\/\",\"name\":\"C\u00e9cile ACQUAVIVA -- Conteuse\",\"description\":\"\",\"publisher\":{\"@id\":\"https:\/\/cecileacquaviva.fr\/#\/schema\/person\/49f67dc3b20d3203782959bfa58a45f3\"},\"potentialAction\":[{\"@type\":\"SearchAction\",\"target\":{\"@type\":\"EntryPoint\",\"urlTemplate\":\"https:\/\/cecileacquaviva.fr\/?s={search_term_string}\"},\"query-input\":{\"@type\":\"PropertyValueSpecification\",\"valueRequired\":true,\"valueName\":\"search_term_string\"}}],\"inLanguage\":\"fr-FR\"},{\"@type\":[\"Person\",\"Organization\"],\"@id\":\"https:\/\/cecileacquaviva.fr\/#\/schema\/person\/49f67dc3b20d3203782959bfa58a45f3\",\"name\":\"cecita\",\"image\":{\"@type\":\"ImageObject\",\"inLanguage\":\"fr-FR\",\"@id\":\"https:\/\/cecileacquaviva.fr\/#\/schema\/person\/image\/\",\"url\":\"https:\/\/cecileacquaviva.fr\/wp-content\/uploads\/2024\/07\/logo-secondaire-horizontal-bleu-cecile-acquaviva_adroite.png\",\"contentUrl\":\"https:\/\/cecileacquaviva.fr\/wp-content\/uploads\/2024\/07\/logo-secondaire-horizontal-bleu-cecile-acquaviva_adroite.png\",\"width\":800,\"height\":200,\"caption\":\"cecita\"},\"logo\":{\"@id\":\"https:\/\/cecileacquaviva.fr\/#\/schema\/person\/image\/\"},\"sameAs\":[\"http:\/\/cecileacquaviva.fr\"]}]}<\/script>\n<!-- \/ Yoast SEO plugin. -->","yoast_head_json":{"title":"Tout Blanc - C\u00e9cile ACQUAVIVA - Conteuse","robots":{"index":"index","follow":"follow","max-snippet":"max-snippet:-1","max-image-preview":"max-image-preview:large","max-video-preview":"max-video-preview:-1"},"canonical":"https:\/\/cecileacquaviva.fr\/index.php\/tout-blanc-1-3-ans\/","og_locale":"fr_FR","og_type":"article","og_title":"Tout Blanc - C\u00e9cile ACQUAVIVA - Conteuse","og_description":"Tout blanc Dur\u00e9e : 25 min Age : de 18 mois \u00e0 3 ans Cr\u00e9ation et interpr\u00e9tation : C\u00e9cile ACQUAVIVA Regard ext\u00e9rieur : Ludovic Souliman R\u00e9alisation d\u00e9cor &amp; accessoires :Nina Robin, Romain Poirot et Manon Berg\u00e8se Spectacle autonometechniquement En salle &hellip;","og_url":"https:\/\/cecileacquaviva.fr\/index.php\/tout-blanc-1-3-ans\/","og_site_name":"C\u00e9cile ACQUAVIVA -- Conteuse","article_modified_time":"2024-11-10T09:56:23+00:00","og_image":[{"url":"http:\/\/cecileacquaviva.fr\/wp-content\/uploads\/2024\/10\/TOUT-BLANC-format-reduit-768x512.jpg","type":"","width":"","height":""}],"twitter_card":"summary_large_image","twitter_misc":{"Dur\u00e9e de lecture estim\u00e9e":"1 minute"},"schema":{"@context":"https:\/\/schema.org","@graph":[{"@type":"WebPage","@id":"https:\/\/cecileacquaviva.fr\/index.php\/tout-blanc-1-3-ans\/","url":"https:\/\/cecileacquaviva.fr\/index.php\/tout-blanc-1-3-ans\/","name":"Tout Blanc - C\u00e9cile ACQUAVIVA - Conteuse","isPartOf":{"@id":"https:\/\/cecileacquaviva.fr\/#website"},"primaryImageOfPage":{"@id":"https:\/\/cecileacquaviva.fr\/index.php\/tout-blanc-1-3-ans\/#primaryimage"},"image":{"@id":"https:\/\/cecileacquaviva.fr\/index.php\/tout-blanc-1-3-ans\/#primaryimage"},"thumbnailUrl":"http:\/\/cecileacquaviva.fr\/wp-content\/uploads\/2024\/10\/TOUT-BLANC-format-reduit-768x512.jpg","datePublished":"2024-03-06T18:44:28+00:00","dateModified":"2024-11-10T09:56:23+00:00","breadcrumb":{"@id":"https:\/\/cecileacquaviva.fr\/index.php\/tout-blanc-1-3-ans\/#breadcrumb"},"inLanguage":"fr-FR","potentialAction":[{"@type":"ReadAction","target":["https:\/\/cecileacquaviva.fr\/index.php\/tout-blanc-1-3-ans\/"]}]},{"@type":"ImageObject","inLanguage":"fr-FR","@id":"https:\/\/cecileacquaviva.fr\/index.php\/tout-blanc-1-3-ans\/#primaryimage","url":"http:\/\/cecileacquaviva.fr\/wp-content\/uploads\/2024\/10\/TOUT-BLANC-format-reduit-768x512.jpg","contentUrl":"http:\/\/cecileacquaviva.fr\/wp-content\/uploads\/2024\/10\/TOUT-BLANC-format-reduit-768x512.jpg"},{"@type":"BreadcrumbList","@id":"https:\/\/cecileacquaviva.fr\/index.php\/tout-blanc-1-3-ans\/#breadcrumb","itemListElement":[{"@type":"ListItem","position":1,"name":"Accueil","item":"https:\/\/cecileacquaviva.fr\/"},{"@type":"ListItem","position":2,"name":"Tout Blanc"}]},{"@type":"WebSite","@id":"https:\/\/cecileacquaviva.fr\/#website","url":"https:\/\/cecileacquaviva.fr\/","name":"C\u00e9cile ACQUAVIVA -- Conteuse","description":"","publisher":{"@id":"https:\/\/cecileacquaviva.fr\/#\/schema\/person\/49f67dc3b20d3203782959bfa58a45f3"},"potentialAction":[{"@type":"SearchAction","target":{"@type":"EntryPoint","urlTemplate":"https:\/\/cecileacquaviva.fr\/?s={search_term_string}"},"query-input":{"@type":"PropertyValueSpecification","valueRequired":true,"valueName":"search_term_string"}}],"inLanguage":"fr-FR"},{"@type":["Person","Organization"],"@id":"https:\/\/cecileacquaviva.fr\/#\/schema\/person\/49f67dc3b20d3203782959bfa58a45f3","name":"cecita","image":{"@type":"ImageObject","inLanguage":"fr-FR","@id":"https:\/\/cecileacquaviva.fr\/#\/schema\/person\/image\/","url":"https:\/\/cecileacquaviva.fr\/wp-content\/uploads\/2024\/07\/logo-secondaire-horizontal-bleu-cecile-acquaviva_adroite.png","contentUrl":"https:\/\/cecileacquaviva.fr\/wp-content\/uploads\/2024\/07\/logo-secondaire-horizontal-bleu-cecile-acquaviva_adroite.png","width":800,"height":200,"caption":"cecita"},"logo":{"@id":"https:\/\/cecileacquaviva.fr\/#\/schema\/person\/image\/"},"sameAs":["http:\/\/cecileacquaviva.fr"]}]}},"_links":{"self":[{"href":"https:\/\/cecileacquaviva.fr\/index.php\/wp-json\/wp\/v2\/pages\/68","targetHints":{"allow":["GET"]}}],"collection":[{"href":"https:\/\/cecileacquaviva.fr\/index.php\/wp-json\/wp\/v2\/pages"}],"about":[{"href":"https:\/\/cecileacquaviva.fr\/index.php\/wp-json\/wp\/v2\/types\/page"}],"author":[{"embeddable":true,"href":"https:\/\/cecileacquaviva.fr\/index.php\/wp-json\/wp\/v2\/users\/1"}],"replies":[{"embeddable":true,"href":"https:\/\/cecileacquaviva.fr\/index.php\/wp-json\/wp\/v2\/comments?post=68"}],"version-history":[{"count":19,"href":"https:\/\/cecileacquaviva.fr\/index.php\/wp-json\/wp\/v2\/pages\/68\/revisions"}],"predecessor-version":[{"id":1433,"href":"https:\/\/cecileacquaviva.fr\/index.php\/wp-json\/wp\/v2\/pages\/68\/revisions\/1433"}],"wp:attachment":[{"href":"https:\/\/cecileacquaviva.fr\/index.php\/wp-json\/wp\/v2\/media?parent=68"}],"curies":[{"name":"wp","href":"https:\/\/api.w.org\/{rel}","templated":true}]}}